{"id":211,"date":"2017-01-18T16:36:38","date_gmt":"2017-01-18T15:36:38","guid":{"rendered":"http:\/\/surhove.de\/dortmund\/?page_id=211"},"modified":"2018-03-08T16:09:51","modified_gmt":"2018-03-08T15:09:51","slug":"planung","status":"publish","type":"page","link":"https:\/\/surhove.de\/dortmund\/leistungen\/planung\/","title":{"rendered":"PLANUNG"},"content":{"rendered":"<p>[vc_row full_width=&#8221;stretch_row&#8221; css=&#8221;.vc_custom_1520521788525{margin-top: -30px !important;background-image: url(http:\/\/surhove.de\/dortmund\/wp-content\/uploads\/2018\/03\/hintergrund-folgeseiten-top.jpg?id=315) !important;background-position: center !important;background-repeat: no-repeat !important;background-size: cover !important;}&#8221;][vc_column][vc_empty_space height=&#8221;10&#8243;][vc_column_text]<\/p>\n<h1 style=\"text-align: center;\"><span style=\"color: #ffffff;\">PLANUNG<\/span><\/h1>\n<p>[\/vc_column_text][vc_empty_space height=&#8221;10&#8243;][\/vc_column][\/vc_row][vc_row full_width=&#8221;stretch_row&#8221; css=&#8221;.vc_custom_1484752787156{background-color: #ffffff !important;}&#8221;][vc_column width=&#8221;1\/4&#8243; css=&#8221;.vc_custom_1484750999062{margin-top: 0px !important;}&#8221;][vc_single_image image=&#8221;416&#8243; img_size=&#8221;full&#8221;][\/vc_column][vc_column width=&#8221;3\/4&#8243;][vc_column_text]<\/p>\n<h5><strong>Unsere St\u00e4rke liegt in der Planung und Erstellung von Werk\u00adpl\u00e4nen. Zur Aufwertung Ihrer Immobilie durch einen Aus- oder Umbau sind Sie bei uns an der richtigen Adresse.<\/strong><\/h5>\n<p>Durch langj\u00e4hrige Praxis im Bereich Umbau, Anbau und Sanierung kennen wir uns in den einzelnen Gewerken bestens aus und sind damit in der Lage Ihr neues Objekt zielf\u00fchrend computergest\u00fctzt zu planen, zu gestalten und anschlie\u00dfend umzusetzen.[\/vc_column_text][vc_row_inner][vc_column_inner width=&#8221;1\/2&#8243;][vc_column_text]<\/p>\n<ul>\n<li>Bauvorlage Berechtigung \/ Eingabeplanung<\/li>\n<li>Baugenehmigungen<\/li>\n<li>Werkpl\u00e4ne<\/li>\n<\/ul>\n<p>[\/vc_column_text][\/vc_column_inner][vc_column_inner width=&#8221;1\/2&#8243;][vc_column_text]<\/p>\n<ul>\n<li>Detailpl\u00e4ne<\/li>\n<li>Energieberatung<\/li>\n<\/ul>\n<p>[\/vc_column_text][\/vc_column_inner][\/vc_row_inner][\/vc_column][\/vc_row][vc_row css=&#8221;.vc_custom_1484065456458{margin-top: -40px !important;}&#8221;][vc_column width=&#8221;1\/2&#8243;][vc_single_image image=&#8221;149&#8243; img_size=&#8221;full&#8221;][\/vc_column][vc_column width=&#8221;1\/2&#8243;][vc_single_image image=&#8221;152&#8243; img_size=&#8221;full&#8221;][\/vc_column][\/vc_row][vc_row][vc_column][vc_empty_space height=&#8221;20px&#8221;][\/vc_column][\/vc_row]<\/p>\n","protected":false},"excerpt":{"rendered":"<p>[vc_row full_width=&#8221;stretch_row&#8221; css=&#8221;.vc_custom_1520521788525{margin-top: -30px !important;background-image: url(http:\/\/surhove.de\/dortmund\/wp-content\/uploads\/2018\/03\/hintergrund-folgeseiten-top.jpg?id=315) !important;background-position: center !important;background-repeat: no-repeat !important;background-size: cover !important;}&#8221;][vc_column][vc_empty_space height=&#8221;10&#8243;][vc_column_text] PLANUNG [\/vc_column_text][vc_empty_space height=&#8221;10&#8243;][\/vc_column][\/vc_row][vc_row full_width=&#8221;stretch_row&#8221; css=&#8221;.vc_custom_1484752787156{background-color: #ffffff !important;}&#8221;][vc_column width=&#8221;1\/4&#8243; css=&#8221;.vc_custom_1484750999062{margin-top: 0px !important;}&#8221;][vc_single_image image=&#8221;416&#8243;<span class=\"excerpt-hellip\"> [\u2026]<\/span><\/p>\n","protected":false},"author":1,"featured_media":0,"parent":205,"menu_order":0,"comment_status":"open","ping_status":"open","template":"","meta":[],"_links":{"self":[{"href":"https:\/\/surhove.de\/dortmund\/wp-json\/wp\/v2\/pages\/211"}],"collection":[{"href":"https:\/\/surhove.de\/dortmund\/wp-json\/wp\/v2\/pages"}],"about":[{"href":"https:\/\/surhove.de\/dortmund\/wp-json\/wp\/v2\/types\/page"}],"author":[{"embeddable":true,"href":"https:\/\/surhove.de\/dortmund\/wp-json\/wp\/v2\/users\/1"}],"replies":[{"embeddable":true,"href":"https:\/\/surhove.de\/dortmund\/wp-json\/wp\/v2\/comments?post=211"}],"version-history":[{"count":22,"href":"https:\/\/surhove.de\/dortmund\/wp-json\/wp\/v2\/pages\/211\/revisions"}],"predecessor-version":[{"id":423,"href":"https:\/\/surhove.de\/dortmund\/wp-json\/wp\/v2\/pages\/211\/revisions\/423"}],"up":[{"embeddable":true,"href":"https:\/\/surhove.de\/dortmund\/wp-json\/wp\/v2\/pages\/205"}],"wp:attachment":[{"href":"https:\/\/surhove.de\/dortmund\/wp-json\/wp\/v2\/media?parent=211"}],"curies":[{"name":"wp","href":"https:\/\/api.w.org\/{rel}","templated":true}]}}