{"id":222,"date":"2017-01-18T16:49:47","date_gmt":"2017-01-18T15:49:47","guid":{"rendered":"http:\/\/surhove.de\/dortmund\/?page_id=222"},"modified":"2018-03-08T16:13:27","modified_gmt":"2018-03-08T15:13:27","slug":"schluesselfertige-sanierung","status":"publish","type":"page","link":"https:\/\/surhove.de\/dortmund\/leistungen\/schluesselfertige-sanierung\/","title":{"rendered":"SCHL\u00dcSSELFERTIGE SANIERUNG"},"content":{"rendered":"<p>[vc_row full_width=&#8221;stretch_row&#8221; css=&#8221;.vc_custom_1520522003799{margin-top: -30px !important;background-image: url(http:\/\/surhove.de\/dortmund\/wp-content\/uploads\/2018\/03\/hintergrund-folgeseiten-top.jpg?id=315) !important;background-position: center !important;background-repeat: no-repeat !important;background-size: cover !important;}&#8221;][vc_column offset=&#8221;vc_hidden-xs&#8221;][vc_empty_space height=&#8221;10&#8243;][vc_column_text]<\/p>\n<h1 style=\"text-align: center;\"><span style=\"color: #ffffff;\">SCHL\u00dcSSELFERTIGE SANIERUNG<br \/>\n<\/span><\/h1>\n<p>[\/vc_column_text][vc_empty_space height=&#8221;10&#8243;][\/vc_column][\/vc_row][vc_row full_width=&#8221;stretch_row&#8221; css=&#8221;.vc_custom_1484752787156{background-color: #ffffff !important;}&#8221;][vc_column width=&#8221;1\/4&#8243; css=&#8221;.vc_custom_1484750999062{margin-top: 0px !important;}&#8221;][vc_single_image image=&#8221;364&#8243; img_size=&#8221;full&#8221;][\/vc_column][vc_column width=&#8221;3\/4&#8243;][vc_column_text]<\/p>\n<h5><strong>Einen Ansprechpartner f\u00fcr alle Belange am Bau zu haben bedeutet f\u00fcr Sie als Bauherr erhebliche Erleichterung.<\/strong><\/h5>\n<p>W\u00e4hrend Sie sich weiterhin auf Ihre Familie und Arbeit konzentrieren k\u00f6nnen, k\u00fcmmern wir uns um den Fortschritt Ihrer Baustelle!<\/p>\n<p>Vor allem bei gr\u00f6\u00dferen Umbauten ist die Abstimmung der Abl\u00e4ufe und auftauchenden Fragen mit zwei bis drei Personen deutlich einfacher als oftmals mit sechs oder mehr Handwerkern aus verschiedenen Bereichen. Wir k\u00fcmmern uns um s\u00e4mtliche Gewerke, wenn n\u00f6tig auch um die Ausschreibung, sowie die erforderlichen Ausf\u00fchrungen. Fordern Sie uns![\/vc_column_text][vc_row_inner][vc_column_inner width=&#8221;2\/3&#8243;][vc_column_text]<\/p>\n<ul>\n<li>Generalunternehmer-Leistungen<\/li>\n<li>Maurer- und Betonarbeiten<\/li>\n<li>Umbau\/Anbau<\/li>\n<li>Innenausbau<\/li>\n<li>Malerarbeiten<\/li>\n<li>Elektroinstallationen<\/li>\n<li>Sanit\u00e4rarbeiten<\/li>\n<li>Schreiner- und Zimmererarbeiten<\/li>\n<\/ul>\n<p>[\/vc_column_text][\/vc_column_inner][vc_column_inner width=&#8221;1\/3&#8243;][vc_column_text]<\/p>\n<ul>\n<li>Schlosserarbeiten<\/li>\n<li>Fliesen- und Natursteinarbeiten<\/li>\n<li>Au\u00dfenanlagenbau<\/li>\n<li>Trockenbau<\/li>\n<li>Estricharbeiten<\/li>\n<li>Abbruch-\/ R\u00fcckbauarbeiten<\/li>\n<li>Brandschutzarbeiten<\/li>\n<li>Erd- und Entw\u00e4sserungsarbeiten<\/li>\n<\/ul>\n<p>[\/vc_column_text][\/vc_column_inner][\/vc_row_inner][\/vc_column][\/vc_row][vc_row][vc_column][vc_empty_space height=&#8221;20px&#8221;][\/vc_column][\/vc_row]<\/p>\n","protected":false},"excerpt":{"rendered":"<p>[vc_row full_width=&#8221;stretch_row&#8221; css=&#8221;.vc_custom_1520522003799{margin-top: -30px !important;background-image: url(http:\/\/surhove.de\/dortmund\/wp-content\/uploads\/2018\/03\/hintergrund-folgeseiten-top.jpg?id=315) !important;background-position: center !important;background-repeat: no-repeat !important;background-size: cover !important;}&#8221;][vc_column offset=&#8221;vc_hidden-xs&#8221;][vc_empty_space height=&#8221;10&#8243;][vc_column_text] SCHL\u00dcSSELFERTIGE SANIERUNG [\/vc_column_text][vc_empty_space height=&#8221;10&#8243;][\/vc_column][\/vc_row][vc_row full_width=&#8221;stretch_row&#8221; css=&#8221;.vc_custom_1484752787156{background-color: #ffffff !important;}&#8221;][vc_column width=&#8221;1\/4&#8243; css=&#8221;.vc_custom_1484750999062{margin-top: 0px<span class=\"excerpt-hellip\"> [\u2026]<\/span><\/p>\n","protected":false},"author":1,"featured_media":0,"parent":205,"menu_order":0,"comment_status":"open","ping_status":"open","template":"","meta":[],"_links":{"self":[{"href":"https:\/\/surhove.de\/dortmund\/wp-json\/wp\/v2\/pages\/222"}],"collection":[{"href":"https:\/\/surhove.de\/dortmund\/wp-json\/wp\/v2\/pages"}],"about":[{"href":"https:\/\/surhove.de\/dortmund\/wp-json\/wp\/v2\/types\/page"}],"author":[{"embeddable":true,"href":"https:\/\/surhove.de\/dortmund\/wp-json\/wp\/v2\/users\/1"}],"replies":[{"embeddable":true,"href":"https:\/\/surhove.de\/dortmund\/wp-json\/wp\/v2\/comments?post=222"}],"version-history":[{"count":12,"href":"https:\/\/surhove.de\/dortmund\/wp-json\/wp\/v2\/pages\/222\/revisions"}],"predecessor-version":[{"id":425,"href":"https:\/\/surhove.de\/dortmund\/wp-json\/wp\/v2\/pages\/222\/revisions\/425"}],"up":[{"embeddable":true,"href":"https:\/\/surhove.de\/dortmund\/wp-json\/wp\/v2\/pages\/205"}],"wp:attachment":[{"href":"https:\/\/surhove.de\/dortmund\/wp-json\/wp\/v2\/media?parent=222"}],"curies":[{"name":"wp","href":"https:\/\/api.w.org\/{rel}","templated":true}]}}