{"id":228,"date":"2017-01-18T16:55:39","date_gmt":"2017-01-18T15:55:39","guid":{"rendered":"http:\/\/surhove.de\/dortmund\/?page_id=228"},"modified":"2018-03-08T16:14:41","modified_gmt":"2018-03-08T15:14:41","slug":"sanierung-und-abdichtung","status":"publish","type":"page","link":"https:\/\/surhove.de\/dortmund\/leistungen\/sanierung-und-abdichtung\/","title":{"rendered":"SANIERUNG UND ABDICHTUNG"},"content":{"rendered":"<p>[vc_row full_width=&#8221;stretch_row&#8221; css=&#8221;.vc_custom_1520522077557{margin-top: -30px !important;background-image: url(http:\/\/surhove.de\/dortmund\/wp-content\/uploads\/2018\/03\/hintergrund-folgeseiten-top.jpg?id=315) !important;background-position: center !important;background-repeat: no-repeat !important;background-size: cover !important;}&#8221;][vc_column offset=&#8221;vc_hidden-xs&#8221;][vc_empty_space height=&#8221;10&#8243;][vc_column_text]<\/p>\n<h1 style=\"text-align: center;\"><span style=\"color: #ffffff;\">SANIERUNG UND ABDICHTUNG<br \/>\n<\/span><\/h1>\n<p>[\/vc_column_text][vc_empty_space height=&#8221;10&#8243;][\/vc_column][\/vc_row][vc_row full_width=&#8221;stretch_row&#8221; css=&#8221;.vc_custom_1484752787156{background-color: #ffffff !important;}&#8221;][vc_column width=&#8221;1\/4&#8243; css=&#8221;.vc_custom_1484750999062{margin-top: 0px !important;}&#8221;][vc_single_image image=&#8221;415&#8243; img_size=&#8221;full&#8221;][\/vc_column][vc_column width=&#8221;3\/4&#8243;][vc_row_inner][vc_column_inner][vc_column_text]Unsere besondere Kompetenz liegt im Bereich Umbau, Sanierungen, Kleinreparaturen.<\/p>\n<p>Unsere langj\u00e4hrigen Kunden sch\u00e4tzen an uns besonders unsere Flexibilit\u00e4t und Qualit\u00e4t der Ausf\u00fchrung.[\/vc_column_text][\/vc_column_inner][\/vc_row_inner][vc_row_inner css=&#8221;.vc_custom_1484756786280{margin-top: -40px !important;}&#8221;][vc_column_inner][vc_column_text]<strong>Der Schwerpunkt unserer angebotenen Leistungen liegt in den Bereichen:<\/strong><\/p>\n<ul>\n<li>Instandhaltung und Kleinreparaturen<\/li>\n<li>Um- und Anbauten<\/li>\n<li>Badsanierungen<\/li>\n<li>Abdichtungsarbeiten<\/li>\n<li>Trockenbau<\/li>\n<li>Gesch\u00e4ftsumbauten<\/li>\n<li>Altbau u. Mauerwerks &#8211; Sanierungen<\/li>\n<li>Zuverl\u00e4ssigkeit &#8211; Sauberkeit und Qualit\u00e4t haben wir zu unserer Devise gemacht.<\/li>\n<\/ul>\n<p><strong>Wir fangen oft da an wo andere aufh\u00f6ren!<\/strong><\/p>\n<p>[\/vc_column_text][\/vc_column_inner][\/vc_row_inner][\/vc_column][\/vc_row][vc_row][vc_column][vc_empty_space height=&#8221;20px&#8221;][\/vc_column][\/vc_row]<\/p>\n","protected":false},"excerpt":{"rendered":"<p>[vc_row full_width=&#8221;stretch_row&#8221; css=&#8221;.vc_custom_1520522077557{margin-top: -30px !important;background-image: url(http:\/\/surhove.de\/dortmund\/wp-content\/uploads\/2018\/03\/hintergrund-folgeseiten-top.jpg?id=315) !important;background-position: center !important;background-repeat: no-repeat !important;background-size: cover !important;}&#8221;][vc_column offset=&#8221;vc_hidden-xs&#8221;][vc_empty_space height=&#8221;10&#8243;][vc_column_text] SANIERUNG UND ABDICHTUNG [\/vc_column_text][vc_empty_space height=&#8221;10&#8243;][\/vc_column][\/vc_row][vc_row full_width=&#8221;stretch_row&#8221; css=&#8221;.vc_custom_1484752787156{background-color: #ffffff !important;}&#8221;][vc_column width=&#8221;1\/4&#8243; css=&#8221;.vc_custom_1484750999062{margin-top:<span class=\"excerpt-hellip\"> [\u2026]<\/span><\/p>\n","protected":false},"author":1,"featured_media":0,"parent":205,"menu_order":0,"comment_status":"open","ping_status":"open","template":"","meta":[],"_links":{"self":[{"href":"https:\/\/surhove.de\/dortmund\/wp-json\/wp\/v2\/pages\/228"}],"collection":[{"href":"https:\/\/surhove.de\/dortmund\/wp-json\/wp\/v2\/pages"}],"about":[{"href":"https:\/\/surhove.de\/dortmund\/wp-json\/wp\/v2\/types\/page"}],"author":[{"embeddable":true,"href":"https:\/\/surhove.de\/dortmund\/wp-json\/wp\/v2\/users\/1"}],"replies":[{"embeddable":true,"href":"https:\/\/surhove.de\/dortmund\/wp-json\/wp\/v2\/comments?post=228"}],"version-history":[{"count":17,"href":"https:\/\/surhove.de\/dortmund\/wp-json\/wp\/v2\/pages\/228\/revisions"}],"predecessor-version":[{"id":426,"href":"https:\/\/surhove.de\/dortmund\/wp-json\/wp\/v2\/pages\/228\/revisions\/426"}],"up":[{"embeddable":true,"href":"https:\/\/surhove.de\/dortmund\/wp-json\/wp\/v2\/pages\/205"}],"wp:attachment":[{"href":"https:\/\/surhove.de\/dortmund\/wp-json\/wp\/v2\/media?parent=228"}],"curies":[{"name":"wp","href":"https:\/\/api.w.org\/{rel}","templated":true}]}}