{"id":23,"date":"2014-12-02T15:26:14","date_gmt":"2014-12-02T14:26:14","guid":{"rendered":"http:\/\/themes.muffingroup.com\/be\/vision\/?page_id=23"},"modified":"2018-03-29T09:25:17","modified_gmt":"2018-03-29T07:25:17","slug":"unternehmen","status":"publish","type":"page","link":"https:\/\/surhove.de\/dortmund\/unternehmen\/","title":{"rendered":"DAS UNTERNEHMEN"},"content":{"rendered":"<p>[vc_row full_width=&#8221;stretch_row&#8221; css=&#8221;.vc_custom_1520521918658{margin-top: -30px !important;background-image: url(http:\/\/surhove.de\/dortmund\/wp-content\/uploads\/2018\/03\/hintergrund-folgeseiten-top.jpg?id=315) !important;background-position: center !important;background-repeat: no-repeat !important;background-size: cover !important;}&#8221;][vc_column offset=&#8221;vc_hidden-xs&#8221;][vc_empty_space height=&#8221;10&#8243;][vc_column_text]<\/p>\n<h1 style=\"text-align: center;\"><span style=\"color: #ffffff;\">DAS UNTERNEHMEN<br \/>\n<\/span><\/h1>\n<p>[\/vc_column_text][vc_empty_space height=&#8221;10&#8243;][\/vc_column][\/vc_row][vc_row full_width=&#8221;stretch_row&#8221; css=&#8221;.vc_custom_1484752787156{background-color: #ffffff !important;}&#8221;][vc_column css=&#8221;.vc_custom_1484750999062{margin-top: 0px !important;}&#8221;][vc_column_text]<\/p>\n<h1 style=\"text-align: center;\">MEISTERBETRIEB MIT 70-J\u00c4HRIGER ERFAHRUNG.<\/h1>\n<p>[\/vc_column_text][\/vc_column][\/vc_row][vc_row][vc_column width=&#8221;1\/2&#8243;][vc_column_text]In vierter Generation bietet unser familiengef\u00fchrtes Unternehmen inzwischen Bauplanung, Bausanierung, Schwimmbadbau- und sanierungen, Abdichtungen, sowie Generalunternehmer-Leistungen!<\/p>\n<p>Nach der Firmengr\u00fcndung 1946 in Dortmund haben wir dabei zun\u00e4chst den Schwerpunkt Bausanierungsarbeiten \u00fcbernommen, zu denen sp\u00e4ter schl\u00fcsselfertige Sanierungen kamen.<\/p>\n<p>Die Niederlassung in Gro\u00dfweil wurde dann 2011 gegr\u00fcndet. Seitdem investieren wir st\u00e4ndig weiter um das Angebotsspektrum des Unternehmens weiter auszubauen, zum Beispiel\u00a0 Schwimmbadbau, Schwimmbadsanierungen und Abdichtungsarbeiten, sowie Generalunternehmer-Leistungen.[\/vc_column_text][\/vc_column][vc_column width=&#8221;1\/2&#8243;][vc_column_text]Durch 2 Handwerksmeister in der Gesch\u00e4ftsf\u00fchrung sind wir in der Lage, Ihnen immer\u00a0 eine saubere, und zuverl\u00e4ssige Arbeit zuzusichern.<\/p>\n<p>Inzwischen k\u00f6nnen wir nun auf eine 70-j\u00e4hrige Firmengeschichte zur\u00fcckblicken in der das Unternehmen in beiden Standorten stetig in gesundem Ma\u00dfe gewachsen ist.<\/p>\n<p>Diese Erfolgsgeschichte verdanken wir nicht nur unserer Zuverl\u00e4ssigkeit und der Qualit\u00e4t unserer Arbeit, sondern letztlich auch Ihnen \u2013 unseren Kunden. Und f\u00fcr diese Treue wollen wir uns auch einmal bedanken. Immer wieder bieten wir daher im Jubil\u00e4umsjahr 2016 Aktionen und Rabatte auf unterschiedliche Gewerke. Fragen Sie einfach nach![\/vc_column_text][\/vc_column][\/vc_row][vc_row full_width=&#8221;stretch_row&#8221; css=&#8221;.vc_custom_1484752787156{background-color: #ffffff !important;}&#8221;][vc_column css=&#8221;.vc_custom_1484750999062{margin-top: 0px !important;}&#8221;][vc_column_text]<\/p>\n<h5 style=\"text-align: center;\"><strong>\u00a0\u00a0\u00a0\u00a0\u00a0\u00a0 Die Firma Surhove Industriebau u. Sanierungsbau GmbH in Dortmund\u00a0 (NRW) <\/strong><\/h5>\n<p class=\"big\" style=\"margin: 0px 3%; text-align: center;\">wurde 1972 gegr\u00fcndet, besch\u00e4ftige derzeit ca. 20 gewerbliche Mitarbeiter, 2 kaufm\u00e4nnische Angestellte, 1 kaufm\u00e4nnische Auszubildende, 1 Auszubildenden f\u00fcr den Beruf Maurer, 1 Meister, 1 Polier und 2 Gesch\u00e4ftsf\u00fchrer. Das Einzugsgebiet f\u00fcr die Durchf\u00fchrung von Bauleistungen liegt bei 70 km rund um Dortmund.<\/p>\n<p>&nbsp;<\/p>\n<p class=\"big\" style=\"margin: 0px 3%; text-align: center;\"><strong>Ansprechpartner:<\/strong><br \/>\nHarry K\u00f6rtge<\/p>\n<p>[\/vc_column_text][\/vc_column][\/vc_row][vc_row][vc_column width=&#8221;1\/2&#8243;][vc_single_image image=&#8221;445&#8243; img_size=&#8221;full&#8221;][\/vc_column][vc_column width=&#8221;1\/2&#8243;][vc_single_image image=&#8221;351&#8243; img_size=&#8221;full&#8221;][\/vc_column][\/vc_row][vc_row css=&#8221;.vc_custom_1521115809891{margin-top: -20px !important;margin-bottom: 20px !important;}&#8221;][vc_column][vc_single_image image=&#8221;349&#8243; img_size=&#8221;full&#8221; alignment=&#8221;center&#8221;][\/vc_column][\/vc_row][vc_row css=&#8221;.vc_custom_1521115742810{margin-top: -25px !important;}&#8221;][vc_column css=&#8221;.vc_custom_1521115583510{margin-top: -20px !important;}&#8221;][vc_column_text]<\/p>\n<h5 style=\"text-align: center;\"><strong>Die Firma Surhove &amp; Co GmbH in Gro\u00dfweil (Oberbayern)<\/strong><\/h5>\n<p style=\"text-align: center;\">wurde 1946 gegr\u00fcndet, besch\u00e4ftigt derzeit rund 10 gewerbliche Mitarbeiter, 1 Auszubildenden, 2 kaufm\u00e4nnische Angestellte und 1 Gesch\u00e4ftsf\u00fchrer.<br \/>\nDas <strong>Einzugsgebiet<\/strong> f\u00fcr die Durchf\u00fchrung von Bauleistungen liegt bei 150 km rund um Gro\u00dfweil weiter bis S\u00fcd &#8211; Tirol und Norditalien Schwerpunkt Gardasee.<\/p>\n<p style=\"text-align: center;\"><strong>Ansprechpartner:<\/strong><br \/>\nRalf Surhove und Daniel Surhove<\/p>\n<p>[\/vc_column_text][\/vc_column][\/vc_row][vc_row][vc_column width=&#8221;1\/2&#8243;][vc_single_image image=&#8221;437&#8243; img_size=&#8221;full&#8221;][\/vc_column][vc_column width=&#8221;1\/2&#8243;][vc_single_image image=&#8221;436&#8243; img_size=&#8221;full&#8221;][\/vc_column][\/vc_row][vc_row][vc_column][vc_empty_space height=&#8221;20px&#8221;][\/vc_column][\/vc_row]<\/p>\n","protected":false},"excerpt":{"rendered":"<p>[vc_row full_width=&#8221;stretch_row&#8221; css=&#8221;.vc_custom_1520521918658{margin-top: -30px !important;background-image: url(http:\/\/surhove.de\/dortmund\/wp-content\/uploads\/2018\/03\/hintergrund-folgeseiten-top.jpg?id=315) !important;background-position: center !important;background-repeat: no-repeat !important;background-size: cover !important;}&#8221;][vc_column offset=&#8221;vc_hidden-xs&#8221;][vc_empty_space height=&#8221;10&#8243;][vc_column_text] DAS UNTERNEHMEN [\/vc_column_text][vc_empty_space height=&#8221;10&#8243;][\/vc_column][\/vc_row][vc_row full_width=&#8221;stretch_row&#8221; css=&#8221;.vc_custom_1484752787156{background-color: #ffffff !important;}&#8221;][vc_column css=&#8221;.vc_custom_1484750999062{margin-top: 0px !important;}&#8221;][vc_column_text]<span class=\"excerpt-hellip\"> [\u2026]<\/span><\/p>\n","protected":false},"author":1,"featured_media":0,"parent":0,"menu_order":10,"comment_status":"open","ping_status":"closed","template":"","meta":[],"_links":{"self":[{"href":"https:\/\/surhove.de\/dortmund\/wp-json\/wp\/v2\/pages\/23"}],"collection":[{"href":"https:\/\/surhove.de\/dortmund\/wp-json\/wp\/v2\/pages"}],"about":[{"href":"https:\/\/surhove.de\/dortmund\/wp-json\/wp\/v2\/types\/page"}],"author":[{"embeddable":true,"href":"https:\/\/surhove.de\/dortmund\/wp-json\/wp\/v2\/users\/1"}],"replies":[{"embeddable":true,"href":"https:\/\/surhove.de\/dortmund\/wp-json\/wp\/v2\/comments?post=23"}],"version-history":[{"count":66,"href":"https:\/\/surhove.de\/dortmund\/wp-json\/wp\/v2\/pages\/23\/revisions"}],"predecessor-version":[{"id":456,"href":"https:\/\/surhove.de\/dortmund\/wp-json\/wp\/v2\/pages\/23\/revisions\/456"}],"wp:attachment":[{"href":"https:\/\/surhove.de\/dortmund\/wp-json\/wp\/v2\/media?parent=23"}],"curies":[{"name":"wp","href":"https:\/\/api.w.org\/{rel}","templated":true}]}}